{"id":760,"date":"2020-02-02T10:46:50","date_gmt":"2020-02-02T09:46:50","guid":{"rendered":"https:\/\/www.vilaimport.com\/politica-de-cookies\/"},"modified":"2020-03-17T10:39:00","modified_gmt":"2020-03-17T09:39:00","slug":"cookies-policy","status":"publish","type":"page","link":"https:\/\/www.vilaimport.com\/en\/cookies-policy\/","title":{"rendered":"Cookies policy"},"content":{"rendered":"\t\t<div data-elementor-type=\"wp-page\" data-elementor-id=\"760\" class=\"elementor elementor-760 elementor-673\">\n\t\t\t\t\t\t<section class=\"elementor-section elementor-top-section elementor-element elementor-element-7749e0f5 elementor-section-full_width elementor-section-height-default elementor-section-height-default\" data-id=\"7749e0f5\" data-element_type=\"section\" data-settings=\"{&quot;jet_parallax_layout_list&quot;:[{&quot;jet_parallax_layout_image&quot;:{&quot;url&quot;:&quot;&quot;,&quot;id&quot;:&quot;&quot;,&quot;size&quot;:&quot;&quot;},&quot;_id&quot;:&quot;d59e52c&quot;,&quot;jet_parallax_layout_image_tablet&quot;:{&quot;url&quot;:&quot;&quot;,&quot;id&quot;:&quot;&quot;,&quot;size&quot;:&quot;&quot;},&quot;jet_parallax_layout_image_mobile&quot;:{&quot;url&quot;:&quot;&quot;,&quot;id&quot;:&quot;&quot;,&quot;size&quot;:&quot;&quot;},&quot;jet_parallax_layout_speed&quot;:{&quot;unit&quot;:&quot;%&quot;,&quot;size&quot;:50,&quot;sizes&quot;:[]},&quot;jet_parallax_layout_type&quot;:&quot;scroll&quot;,&quot;jet_parallax_layout_direction&quot;:&quot;1&quot;,&quot;jet_parallax_layout_fx_direction&quot;:null,&quot;jet_parallax_layout_z_index&quot;:&quot;&quot;,&quot;jet_parallax_layout_bg_x&quot;:50,&quot;jet_parallax_layout_bg_y&quot;:50,&quot;jet_parallax_layout_bg_size&quot;:&quot;auto&quot;,&quot;jet_parallax_layout_animation_prop&quot;:&quot;transform&quot;,&quot;jet_parallax_layout_on&quot;:[&quot;desktop&quot;,&quot;tablet&quot;],&quot;jet_parallax_layout_bg_x_tablet&quot;:&quot;&quot;,&quot;jet_parallax_layout_bg_x_mobile&quot;:&quot;&quot;,&quot;jet_parallax_layout_bg_y_tablet&quot;:&quot;&quot;,&quot;jet_parallax_layout_bg_y_mobile&quot;:&quot;&quot;,&quot;jet_parallax_layout_bg_size_tablet&quot;:&quot;&quot;,&quot;jet_parallax_layout_bg_size_mobile&quot;:&quot;&quot;}]}\">\n\t\t\t\t\t\t<div class=\"elementor-container elementor-column-gap-no\">\n\t\t\t\t\t<div class=\"elementor-column elementor-col-100 elementor-top-column elementor-element elementor-element-546a71c7\" data-id=\"546a71c7\" data-element_type=\"column\">\n\t\t\t<div class=\"elementor-widget-wrap elementor-element-populated\">\n\t\t\t\t\t\t<div class=\"elementor-element elementor-element-21b0412b breadcrumb_mb_off elementor-widget elementor-widget-shortcode\" data-id=\"21b0412b\" data-element_type=\"widget\" data-widget_type=\"shortcode.default\">\n\t\t\t\t<div class=\"elementor-widget-container\">\n\t\t\t\t\t\t\t<div class=\"elementor-shortcode\">\t\t<div data-elementor-type=\"section\" data-elementor-id=\"405\" class=\"elementor elementor-405\">\n\t\t\t\t\t\t<section class=\"elementor-section elementor-top-section elementor-element elementor-element-9718199 elementor-section-boxed elementor-section-height-default elementor-section-height-default\" data-id=\"9718199\" data-element_type=\"section\" data-settings=\"{&quot;jet_parallax_layout_list&quot;:[{&quot;jet_parallax_layout_image&quot;:{&quot;url&quot;:&quot;&quot;,&quot;id&quot;:&quot;&quot;,&quot;size&quot;:&quot;&quot;},&quot;_id&quot;:&quot;f1e3953&quot;,&quot;jet_parallax_layout_image_tablet&quot;:{&quot;url&quot;:&quot;&quot;,&quot;id&quot;:&quot;&quot;,&quot;size&quot;:&quot;&quot;},&quot;jet_parallax_layout_image_mobile&quot;:{&quot;url&quot;:&quot;&quot;,&quot;id&quot;:&quot;&quot;,&quot;size&quot;:&quot;&quot;},&quot;jet_parallax_layout_speed&quot;:{&quot;unit&quot;:&quot;%&quot;,&quot;size&quot;:50,&quot;sizes&quot;:[]},&quot;jet_parallax_layout_type&quot;:&quot;scroll&quot;,&quot;jet_parallax_layout_direction&quot;:&quot;1&quot;,&quot;jet_parallax_layout_fx_direction&quot;:null,&quot;jet_parallax_layout_z_index&quot;:&quot;&quot;,&quot;jet_parallax_layout_bg_x&quot;:50,&quot;jet_parallax_layout_bg_y&quot;:50,&quot;jet_parallax_layout_bg_size&quot;:&quot;auto&quot;,&quot;jet_parallax_layout_animation_prop&quot;:&quot;transform&quot;,&quot;jet_parallax_layout_on&quot;:[&quot;desktop&quot;,&quot;tablet&quot;],&quot;jet_parallax_layout_bg_x_tablet&quot;:&quot;&quot;,&quot;jet_parallax_layout_bg_x_mobile&quot;:&quot;&quot;,&quot;jet_parallax_layout_bg_y_tablet&quot;:&quot;&quot;,&quot;jet_parallax_layout_bg_y_mobile&quot;:&quot;&quot;,&quot;jet_parallax_layout_bg_size_tablet&quot;:&quot;&quot;,&quot;jet_parallax_layout_bg_size_mobile&quot;:&quot;&quot;}],&quot;background_background&quot;:&quot;classic&quot;}\">\n\t\t\t\t\t\t<div class=\"elementor-container elementor-column-gap-default\">\n\t\t\t\t\t<div class=\"elementor-column elementor-col-100 elementor-top-column elementor-element elementor-element-c700c34\" data-id=\"c700c34\" data-element_type=\"column\">\n\t\t\t<div class=\"elementor-widget-wrap elementor-element-populated\">\n\t\t\t\t\t\t<div class=\"elementor-element elementor-element-5f3230d elementor-align-left elementor-widget elementor-widget-raven-breadcrumbs\" data-id=\"5f3230d\" data-element_type=\"widget\" data-widget_type=\"raven-breadcrumbs.default\">\n\t\t\t\t<div class=\"elementor-widget-container\">\n\t\t\t\t\t<div class=\"raven-breadcrumbs raven-breadcrumbs-default\"><div class=\"breadcrumb\">\t\t\t\t<div class=\"breadcrumb-item active\" aria-current=\"page\"><span>Home<\/span><\/div>\n\n\t\t\t\t<\/div><\/div>\t\t\t\t<\/div>\n\t\t\t\t<\/div>\n\t\t\t\t\t<\/div>\n\t\t<\/div>\n\t\t\t\t\t<\/div>\n\t\t<\/section>\n\t\t\t\t<\/div>\n\t\t<\/div>\n\t\t\t\t\t\t<\/div>\n\t\t\t\t<\/div>\n\t\t\t\t\t<\/div>\n\t\t<\/div>\n\t\t\t\t\t<\/div>\n\t\t<\/section>\n\t\t\t\t<section class=\"elementor-section elementor-top-section elementor-element elementor-element-3f085dac elementor-section-boxed elementor-section-height-default elementor-section-height-default\" data-id=\"3f085dac\" data-element_type=\"section\" data-settings=\"{&quot;jet_parallax_layout_list&quot;:[{&quot;jet_parallax_layout_image&quot;:{&quot;url&quot;:&quot;&quot;,&quot;id&quot;:&quot;&quot;,&quot;size&quot;:&quot;&quot;},&quot;_id&quot;:&quot;1bdd220&quot;,&quot;jet_parallax_layout_image_tablet&quot;:{&quot;url&quot;:&quot;&quot;,&quot;id&quot;:&quot;&quot;,&quot;size&quot;:&quot;&quot;},&quot;jet_parallax_layout_image_mobile&quot;:{&quot;url&quot;:&quot;&quot;,&quot;id&quot;:&quot;&quot;,&quot;size&quot;:&quot;&quot;},&quot;jet_parallax_layout_speed&quot;:{&quot;unit&quot;:&quot;%&quot;,&quot;size&quot;:50,&quot;sizes&quot;:[]},&quot;jet_parallax_layout_type&quot;:&quot;scroll&quot;,&quot;jet_parallax_layout_direction&quot;:&quot;1&quot;,&quot;jet_parallax_layout_fx_direction&quot;:null,&quot;jet_parallax_layout_z_index&quot;:&quot;&quot;,&quot;jet_parallax_layout_bg_x&quot;:50,&quot;jet_parallax_layout_bg_y&quot;:50,&quot;jet_parallax_layout_bg_size&quot;:&quot;auto&quot;,&quot;jet_parallax_layout_animation_prop&quot;:&quot;transform&quot;,&quot;jet_parallax_layout_on&quot;:[&quot;desktop&quot;,&quot;tablet&quot;],&quot;jet_parallax_layout_bg_x_tablet&quot;:&quot;&quot;,&quot;jet_parallax_layout_bg_x_mobile&quot;:&quot;&quot;,&quot;jet_parallax_layout_bg_y_tablet&quot;:&quot;&quot;,&quot;jet_parallax_layout_bg_y_mobile&quot;:&quot;&quot;,&quot;jet_parallax_layout_bg_size_tablet&quot;:&quot;&quot;,&quot;jet_parallax_layout_bg_size_mobile&quot;:&quot;&quot;}]}\">\n\t\t\t\t\t\t<div class=\"elementor-container elementor-column-gap-default\">\n\t\t\t\t\t<div class=\"elementor-column elementor-col-100 elementor-top-column elementor-element elementor-element-1d09c190\" data-id=\"1d09c190\" data-element_type=\"column\">\n\t\t\t<div class=\"elementor-widget-wrap elementor-element-populated\">\n\t\t\t\t\t\t<div class=\"elementor-element elementor-element-7b94b343 page_title elementor-widget elementor-widget-heading\" data-id=\"7b94b343\" data-element_type=\"widget\" data-widget_type=\"heading.default\">\n\t\t\t\t<div class=\"elementor-widget-container\">\n\t\t\t\t\t<h1 class=\"elementor-heading-title elementor-size-default\">Cookies policy<\/h1>\t\t\t\t<\/div>\n\t\t\t\t<\/div>\n\t\t\t\t<div class=\"elementor-element elementor-element-2b189e3c elementor-widget elementor-widget-text-editor\" data-id=\"2b189e3c\" data-element_type=\"widget\" data-widget_type=\"text-editor.default\">\n\t\t\t\t<div class=\"elementor-widget-container\">\n\t\t\t\t\t\t\t\t\t<div class=\"sys-row\"><div class=\"section-intro section-intro-2 \"><h4><strong>Qu\u00e8 s\u00f3n les cookies?<\/strong><\/h4><p><br \/>Una cookie \u00e9s un petit text que un lloc web envia al teu navegador quan el visites. La cookie ajuda el lloc web a recordar informaci\u00f3 sobre la teva visita, com per exemple la prefer\u00e8ncia d&#8217;idioma i altres par\u00e0metres de configuraci\u00f3.<\/p><p>Aix\u00f2 pot fer que la teva propera visita sigui m\u00e9s f\u00e0cil i r\u00e0pida, i que el web et sigui m\u00e9s \u00fatil.<\/p><p>Les cookies s\u00f3n eficaces per millorar la teva experi\u00e8ncia de navegaci\u00f3 com a usuari i s&#8217;utilitzen en la majoria de llocs web.<\/p><p>\u00a0\u00a0<\/p><h4><strong>Quines cookies utilitza VILAIMPORT?<\/strong><\/h4><div>\u00a0<\/div><p>Al web de VILAIMPORT utilitzem cookies pr\u00f2pies i de tercers amb les finalitats seg\u00fcents:<\/p><ul><li><p>Recordar la prefer\u00e8ncia d&#8217;idioma de l&#8217;usuari.<\/p><\/li><li><p>Facilitar la navegaci\u00f3.<\/p><\/li><li><p>Recopilar dades estad\u00edstiques sobre la utilitzaci\u00f3 del nostre web. Aquestes dades s\u00f3n an\u00f2nimes i serveixen per proporcionar-nos informaci\u00f3 com ara el nombre de visitants, la durada de la visita, les p\u00e0gines visitades, el navegador que utilitzen els nostres usuaris o la seva resoluci\u00f3 de pantalla preferida.<\/p><\/li><\/ul><p>En cap cas no utilitzarem cookies amb les teves dades personals.<\/p><p>Les dades obtingudes s&#8217;utilitzen per millorar la teva navegaci\u00f3 i per obtenir informaci\u00f3 estad\u00edstica sobre l&#8217;\u00fas que feu els usuaris del nostre web.<\/p><p>A VILAIMPORT considerem que les cookies s\u00f3n una eina \u00fatil per oferir-te la millor experi\u00e8ncia possible de navegaci\u00f3.\u00a0<\/p><p>\u00a0<\/p><h4><strong>Puc desactivar les cookies?<\/strong><\/h4><div>\u00a0<\/div><p>Els navegadors et permeten restringir, bloquejar i esborrar les cookies.<\/p><p>Cada navegador t\u00e9 una configuraci\u00f3 diferent. Per ajudar-te, a continuaci\u00f3 t&#8217;indiquem els enlla\u00e7os amb les instruccions per gestionar o bloquejar les cookies dels navegadors m\u00e9s comuns:<\/p><p><a href=\"http:\/\/www.gruproig.com\/politica-de-cookies.asp?idm=ca\">Chrome: <\/a><a href=\"https:\/\/support.google.com\/chrome\/answer\/95647?hl=ca\">configuraci\u00f3 de cookies<br \/><\/a><a href=\"http:\/\/www.gruproig.com\/politica-de-cookies.asp?idm=ca\">Internet Explorer: <\/a><a href=\"http:\/\/windows.microsoft.com\/es-es\/windows7\/how-to-manage-cookies-in-internet-explorer-9\">configuraci\u00f3 de cookies<br \/><\/a><a href=\"http:\/\/www.gruproig.com\/politica-de-cookies.asp?idm=ca\">Firefox: <\/a><a href=\"https:\/\/support.mozilla.org\/ca\/kb\/activa-i-desactiva-les-galetes-que-les-pagines-web\">configuraci\u00f3 de cookies<br \/><\/a><a href=\"http:\/\/www.gruproig.com\/politica-de-cookies.asp?idm=ca\">Safari: <\/a><a href=\"https:\/\/support.apple.com\/kb\/HT1677?viewlocale=es_ES\">configuraci\u00f3 de cookies<\/a><\/p><\/div><\/div>\t\t\t\t\t\t\t\t<\/div>\n\t\t\t\t<\/div>\n\t\t\t\t\t<\/div>\n\t\t<\/div>\n\t\t\t\t\t<\/div>\n\t\t<\/section>\n\t\t\t\t<\/div>\n\t\t","protected":false},"excerpt":{"rendered":"<p>Cookies policy Qu\u00e8 s\u00f3n les cookies? Una cookie \u00e9s un petit text que un lloc web envia al teu navegador quan el visites. La cookie ajuda el lloc web a recordar informaci\u00f3 sobre la teva visita, com per exemple la prefer\u00e8ncia d&#8217;idioma i altres par\u00e0metres de configuraci\u00f3. Aix\u00f2 pot fer que la teva propera visita [&hellip;]<\/p>\n","protected":false},"author":1,"featured_media":0,"parent":0,"menu_order":0,"comment_status":"closed","ping_status":"closed","template":"elementor_header_footer","meta":{"_acf_changed":false,"footnotes":""},"class_list":["post-760","page","type-page","status-publish","hentry"],"acf":[],"yoast_head":"<!-- This site is optimized with the Yoast SEO plugin v26.7 - https:\/\/yoast.com\/wordpress\/plugins\/seo\/ -->\n<title>Cookies policy - Vila Import<\/title>\n<meta name=\"robots\" content=\"index, follow, max-snippet:-1, max-image-preview:large, max-video-preview:-1\" \/>\n<link rel=\"canonical\" href=\"https:\/\/www.vilaimport.com\/en\/cookies-policy\/\" \/>\n<meta property=\"og:locale\" content=\"en_US\" \/>\n<meta property=\"og:type\" content=\"article\" \/>\n<meta property=\"og:title\" content=\"Cookies policy - Vila Import\" \/>\n<meta property=\"og:description\" content=\"Cookies policy Qu\u00e8 s\u00f3n les cookies? Una cookie \u00e9s un petit text que un lloc web envia al teu navegador quan el visites. La cookie ajuda el lloc web a recordar informaci\u00f3 sobre la teva visita, com per exemple la prefer\u00e8ncia d&#8217;idioma i altres par\u00e0metres de configuraci\u00f3. Aix\u00f2 pot fer que la teva propera visita [&hellip;]\" \/>\n<meta property=\"og:url\" content=\"https:\/\/www.vilaimport.com\/en\/cookies-policy\/\" \/>\n<meta property=\"og:site_name\" content=\"Vila Import\" \/>\n<meta property=\"article:modified_time\" content=\"2020-03-17T09:39:00+00:00\" \/>\n<meta name=\"twitter:card\" content=\"summary_large_image\" \/>\n<meta name=\"twitter:label1\" content=\"Est. reading time\" \/>\n\t<meta name=\"twitter:data1\" content=\"1 minute\" \/>\n<script type=\"application\/ld+json\" class=\"yoast-schema-graph\">{\"@context\":\"https:\/\/schema.org\",\"@graph\":[{\"@type\":\"WebPage\",\"@id\":\"https:\/\/www.vilaimport.com\/en\/cookies-policy\/\",\"url\":\"https:\/\/www.vilaimport.com\/en\/cookies-policy\/\",\"name\":\"Cookies policy - Vila Import\",\"isPartOf\":{\"@id\":\"https:\/\/www.vilaimport.com\/#website\"},\"datePublished\":\"2020-02-02T09:46:50+00:00\",\"dateModified\":\"2020-03-17T09:39:00+00:00\",\"breadcrumb\":{\"@id\":\"https:\/\/www.vilaimport.com\/en\/cookies-policy\/#breadcrumb\"},\"inLanguage\":\"en-US\",\"potentialAction\":[{\"@type\":\"ReadAction\",\"target\":[\"https:\/\/www.vilaimport.com\/en\/cookies-policy\/\"]}]},{\"@type\":\"BreadcrumbList\",\"@id\":\"https:\/\/www.vilaimport.com\/en\/cookies-policy\/#breadcrumb\",\"itemListElement\":[{\"@type\":\"ListItem\",\"position\":1,\"name\":\"Vila Import\",\"item\":\"https:\/\/www.vilaimport.com\/en\/\"},{\"@type\":\"ListItem\",\"position\":2,\"name\":\"Cookies policy\"}]},{\"@type\":\"WebSite\",\"@id\":\"https:\/\/www.vilaimport.com\/#website\",\"url\":\"https:\/\/www.vilaimport.com\/\",\"name\":\"Vila Import\",\"description\":\"\",\"potentialAction\":[{\"@type\":\"SearchAction\",\"target\":{\"@type\":\"EntryPoint\",\"urlTemplate\":\"https:\/\/www.vilaimport.com\/?s={search_term_string}\"},\"query-input\":{\"@type\":\"PropertyValueSpecification\",\"valueRequired\":true,\"valueName\":\"search_term_string\"}}],\"inLanguage\":\"en-US\"}]}<\/script>\n<!-- \/ Yoast SEO plugin. -->","yoast_head_json":{"title":"Cookies policy - Vila Import","robots":{"index":"index","follow":"follow","max-snippet":"max-snippet:-1","max-image-preview":"max-image-preview:large","max-video-preview":"max-video-preview:-1"},"canonical":"https:\/\/www.vilaimport.com\/en\/cookies-policy\/","og_locale":"en_US","og_type":"article","og_title":"Cookies policy - Vila Import","og_description":"Cookies policy Qu\u00e8 s\u00f3n les cookies? Una cookie \u00e9s un petit text que un lloc web envia al teu navegador quan el visites. La cookie ajuda el lloc web a recordar informaci\u00f3 sobre la teva visita, com per exemple la prefer\u00e8ncia d&#8217;idioma i altres par\u00e0metres de configuraci\u00f3. Aix\u00f2 pot fer que la teva propera visita [&hellip;]","og_url":"https:\/\/www.vilaimport.com\/en\/cookies-policy\/","og_site_name":"Vila Import","article_modified_time":"2020-03-17T09:39:00+00:00","twitter_card":"summary_large_image","twitter_misc":{"Est. reading time":"1 minute"},"schema":{"@context":"https:\/\/schema.org","@graph":[{"@type":"WebPage","@id":"https:\/\/www.vilaimport.com\/en\/cookies-policy\/","url":"https:\/\/www.vilaimport.com\/en\/cookies-policy\/","name":"Cookies policy - Vila Import","isPartOf":{"@id":"https:\/\/www.vilaimport.com\/#website"},"datePublished":"2020-02-02T09:46:50+00:00","dateModified":"2020-03-17T09:39:00+00:00","breadcrumb":{"@id":"https:\/\/www.vilaimport.com\/en\/cookies-policy\/#breadcrumb"},"inLanguage":"en-US","potentialAction":[{"@type":"ReadAction","target":["https:\/\/www.vilaimport.com\/en\/cookies-policy\/"]}]},{"@type":"BreadcrumbList","@id":"https:\/\/www.vilaimport.com\/en\/cookies-policy\/#breadcrumb","itemListElement":[{"@type":"ListItem","position":1,"name":"Vila Import","item":"https:\/\/www.vilaimport.com\/en\/"},{"@type":"ListItem","position":2,"name":"Cookies policy"}]},{"@type":"WebSite","@id":"https:\/\/www.vilaimport.com\/#website","url":"https:\/\/www.vilaimport.com\/","name":"Vila Import","description":"","potentialAction":[{"@type":"SearchAction","target":{"@type":"EntryPoint","urlTemplate":"https:\/\/www.vilaimport.com\/?s={search_term_string}"},"query-input":{"@type":"PropertyValueSpecification","valueRequired":true,"valueName":"search_term_string"}}],"inLanguage":"en-US"}]}},"_links":{"self":[{"href":"https:\/\/www.vilaimport.com\/en\/wp-json\/wp\/v2\/pages\/760","targetHints":{"allow":["GET"]}}],"collection":[{"href":"https:\/\/www.vilaimport.com\/en\/wp-json\/wp\/v2\/pages"}],"about":[{"href":"https:\/\/www.vilaimport.com\/en\/wp-json\/wp\/v2\/types\/page"}],"author":[{"embeddable":true,"href":"https:\/\/www.vilaimport.com\/en\/wp-json\/wp\/v2\/users\/1"}],"replies":[{"embeddable":true,"href":"https:\/\/www.vilaimport.com\/en\/wp-json\/wp\/v2\/comments?post=760"}],"version-history":[{"count":3,"href":"https:\/\/www.vilaimport.com\/en\/wp-json\/wp\/v2\/pages\/760\/revisions"}],"predecessor-version":[{"id":2190,"href":"https:\/\/www.vilaimport.com\/en\/wp-json\/wp\/v2\/pages\/760\/revisions\/2190"}],"wp:attachment":[{"href":"https:\/\/www.vilaimport.com\/en\/wp-json\/wp\/v2\/media?parent=760"}],"curies":[{"name":"wp","href":"https:\/\/api.w.org\/{rel}","templated":true}]}}