{"id":759,"date":"2020-02-02T10:46:50","date_gmt":"2020-02-02T09:46:50","guid":{"rendered":"https:\/\/www.vilaimport.com\/politica-de-cookies\/"},"modified":"2020-02-20T11:10:00","modified_gmt":"2020-02-20T10:10:00","slug":"politica-de-cookies","status":"publish","type":"page","link":"https:\/\/www.vilaimport.com\/ca\/politica-de-cookies\/","title":{"rendered":"Pol\u00edtica de cookies"},"content":{"rendered":"\t\t<div data-elementor-type=\"wp-page\" data-elementor-id=\"759\" class=\"elementor elementor-759 elementor-673\">\n\t\t\t\t\t\t<section class=\"elementor-section elementor-top-section elementor-element elementor-element-7749e0f5 elementor-section-full_width elementor-section-height-default elementor-section-height-default\" data-id=\"7749e0f5\" data-element_type=\"section\" data-settings=\"{&quot;jet_parallax_layout_list&quot;:[{&quot;jet_parallax_layout_image&quot;:{&quot;url&quot;:&quot;&quot;,&quot;id&quot;:&quot;&quot;,&quot;size&quot;:&quot;&quot;},&quot;_id&quot;:&quot;d59e52c&quot;,&quot;jet_parallax_layout_image_tablet&quot;:{&quot;url&quot;:&quot;&quot;,&quot;id&quot;:&quot;&quot;,&quot;size&quot;:&quot;&quot;},&quot;jet_parallax_layout_image_mobile&quot;:{&quot;url&quot;:&quot;&quot;,&quot;id&quot;:&quot;&quot;,&quot;size&quot;:&quot;&quot;},&quot;jet_parallax_layout_speed&quot;:{&quot;unit&quot;:&quot;%&quot;,&quot;size&quot;:50,&quot;sizes&quot;:[]},&quot;jet_parallax_layout_type&quot;:&quot;scroll&quot;,&quot;jet_parallax_layout_direction&quot;:&quot;1&quot;,&quot;jet_parallax_layout_fx_direction&quot;:null,&quot;jet_parallax_layout_z_index&quot;:&quot;&quot;,&quot;jet_parallax_layout_bg_x&quot;:50,&quot;jet_parallax_layout_bg_y&quot;:50,&quot;jet_parallax_layout_bg_size&quot;:&quot;auto&quot;,&quot;jet_parallax_layout_animation_prop&quot;:&quot;transform&quot;,&quot;jet_parallax_layout_on&quot;:[&quot;desktop&quot;,&quot;tablet&quot;],&quot;jet_parallax_layout_bg_x_tablet&quot;:&quot;&quot;,&quot;jet_parallax_layout_bg_x_mobile&quot;:&quot;&quot;,&quot;jet_parallax_layout_bg_y_tablet&quot;:&quot;&quot;,&quot;jet_parallax_layout_bg_y_mobile&quot;:&quot;&quot;,&quot;jet_parallax_layout_bg_size_tablet&quot;:&quot;&quot;,&quot;jet_parallax_layout_bg_size_mobile&quot;:&quot;&quot;}]}\">\n\t\t\t\t\t\t<div class=\"elementor-container elementor-column-gap-no\">\n\t\t\t\t\t<div class=\"elementor-column elementor-col-100 elementor-top-column elementor-element elementor-element-546a71c7\" data-id=\"546a71c7\" data-element_type=\"column\">\n\t\t\t<div class=\"elementor-widget-wrap elementor-element-populated\">\n\t\t\t\t\t\t<div class=\"elementor-element elementor-element-21b0412b breadcrumb_mb_off elementor-widget elementor-widget-shortcode\" data-id=\"21b0412b\" data-element_type=\"widget\" data-widget_type=\"shortcode.default\">\n\t\t\t\t<div class=\"elementor-widget-container\">\n\t\t\t\t\t\t\t<div class=\"elementor-shortcode\">\t\t<div data-elementor-type=\"section\" data-elementor-id=\"405\" class=\"elementor elementor-405\">\n\t\t\t\t\t\t<section class=\"elementor-section elementor-top-section elementor-element elementor-element-9718199 elementor-section-boxed elementor-section-height-default elementor-section-height-default\" data-id=\"9718199\" data-element_type=\"section\" data-settings=\"{&quot;jet_parallax_layout_list&quot;:[{&quot;jet_parallax_layout_image&quot;:{&quot;url&quot;:&quot;&quot;,&quot;id&quot;:&quot;&quot;,&quot;size&quot;:&quot;&quot;},&quot;_id&quot;:&quot;f1e3953&quot;,&quot;jet_parallax_layout_image_tablet&quot;:{&quot;url&quot;:&quot;&quot;,&quot;id&quot;:&quot;&quot;,&quot;size&quot;:&quot;&quot;},&quot;jet_parallax_layout_image_mobile&quot;:{&quot;url&quot;:&quot;&quot;,&quot;id&quot;:&quot;&quot;,&quot;size&quot;:&quot;&quot;},&quot;jet_parallax_layout_speed&quot;:{&quot;unit&quot;:&quot;%&quot;,&quot;size&quot;:50,&quot;sizes&quot;:[]},&quot;jet_parallax_layout_type&quot;:&quot;scroll&quot;,&quot;jet_parallax_layout_direction&quot;:&quot;1&quot;,&quot;jet_parallax_layout_fx_direction&quot;:null,&quot;jet_parallax_layout_z_index&quot;:&quot;&quot;,&quot;jet_parallax_layout_bg_x&quot;:50,&quot;jet_parallax_layout_bg_y&quot;:50,&quot;jet_parallax_layout_bg_size&quot;:&quot;auto&quot;,&quot;jet_parallax_layout_animation_prop&quot;:&quot;transform&quot;,&quot;jet_parallax_layout_on&quot;:[&quot;desktop&quot;,&quot;tablet&quot;],&quot;jet_parallax_layout_bg_x_tablet&quot;:&quot;&quot;,&quot;jet_parallax_layout_bg_x_mobile&quot;:&quot;&quot;,&quot;jet_parallax_layout_bg_y_tablet&quot;:&quot;&quot;,&quot;jet_parallax_layout_bg_y_mobile&quot;:&quot;&quot;,&quot;jet_parallax_layout_bg_size_tablet&quot;:&quot;&quot;,&quot;jet_parallax_layout_bg_size_mobile&quot;:&quot;&quot;}],&quot;background_background&quot;:&quot;classic&quot;}\">\n\t\t\t\t\t\t<div class=\"elementor-container elementor-column-gap-default\">\n\t\t\t\t\t<div class=\"elementor-column elementor-col-100 elementor-top-column elementor-element elementor-element-c700c34\" data-id=\"c700c34\" data-element_type=\"column\">\n\t\t\t<div class=\"elementor-widget-wrap elementor-element-populated\">\n\t\t\t\t\t\t<div class=\"elementor-element elementor-element-5f3230d elementor-align-left elementor-widget elementor-widget-raven-breadcrumbs\" data-id=\"5f3230d\" data-element_type=\"widget\" data-widget_type=\"raven-breadcrumbs.default\">\n\t\t\t\t<div class=\"elementor-widget-container\">\n\t\t\t\t\t<div class=\"raven-breadcrumbs raven-breadcrumbs-default\"><div class=\"breadcrumb\">\t\t\t\t<div class=\"breadcrumb-item active\" aria-current=\"page\"><span>Home<\/span><\/div>\n\n\t\t\t\t<\/div><\/div>\t\t\t\t<\/div>\n\t\t\t\t<\/div>\n\t\t\t\t\t<\/div>\n\t\t<\/div>\n\t\t\t\t\t<\/div>\n\t\t<\/section>\n\t\t\t\t<\/div>\n\t\t<\/div>\n\t\t\t\t\t\t<\/div>\n\t\t\t\t<\/div>\n\t\t\t\t\t<\/div>\n\t\t<\/div>\n\t\t\t\t\t<\/div>\n\t\t<\/section>\n\t\t\t\t<section class=\"elementor-section elementor-top-section elementor-element elementor-element-3f085dac elementor-section-boxed elementor-section-height-default elementor-section-height-default\" data-id=\"3f085dac\" data-element_type=\"section\" data-settings=\"{&quot;jet_parallax_layout_list&quot;:[{&quot;jet_parallax_layout_image&quot;:{&quot;url&quot;:&quot;&quot;,&quot;id&quot;:&quot;&quot;,&quot;size&quot;:&quot;&quot;},&quot;_id&quot;:&quot;1bdd220&quot;,&quot;jet_parallax_layout_image_tablet&quot;:{&quot;url&quot;:&quot;&quot;,&quot;id&quot;:&quot;&quot;,&quot;size&quot;:&quot;&quot;},&quot;jet_parallax_layout_image_mobile&quot;:{&quot;url&quot;:&quot;&quot;,&quot;id&quot;:&quot;&quot;,&quot;size&quot;:&quot;&quot;},&quot;jet_parallax_layout_speed&quot;:{&quot;unit&quot;:&quot;%&quot;,&quot;size&quot;:50,&quot;sizes&quot;:[]},&quot;jet_parallax_layout_type&quot;:&quot;scroll&quot;,&quot;jet_parallax_layout_direction&quot;:&quot;1&quot;,&quot;jet_parallax_layout_fx_direction&quot;:null,&quot;jet_parallax_layout_z_index&quot;:&quot;&quot;,&quot;jet_parallax_layout_bg_x&quot;:50,&quot;jet_parallax_layout_bg_y&quot;:50,&quot;jet_parallax_layout_bg_size&quot;:&quot;auto&quot;,&quot;jet_parallax_layout_animation_prop&quot;:&quot;transform&quot;,&quot;jet_parallax_layout_on&quot;:[&quot;desktop&quot;,&quot;tablet&quot;],&quot;jet_parallax_layout_bg_x_tablet&quot;:&quot;&quot;,&quot;jet_parallax_layout_bg_x_mobile&quot;:&quot;&quot;,&quot;jet_parallax_layout_bg_y_tablet&quot;:&quot;&quot;,&quot;jet_parallax_layout_bg_y_mobile&quot;:&quot;&quot;,&quot;jet_parallax_layout_bg_size_tablet&quot;:&quot;&quot;,&quot;jet_parallax_layout_bg_size_mobile&quot;:&quot;&quot;}]}\">\n\t\t\t\t\t\t<div class=\"elementor-container elementor-column-gap-default\">\n\t\t\t\t\t<div class=\"elementor-column elementor-col-100 elementor-top-column elementor-element elementor-element-1d09c190\" data-id=\"1d09c190\" data-element_type=\"column\">\n\t\t\t<div class=\"elementor-widget-wrap elementor-element-populated\">\n\t\t\t\t\t\t<div class=\"elementor-element elementor-element-7b94b343 page_title elementor-widget elementor-widget-heading\" data-id=\"7b94b343\" data-element_type=\"widget\" data-widget_type=\"heading.default\">\n\t\t\t\t<div class=\"elementor-widget-container\">\n\t\t\t\t\t<h1 class=\"elementor-heading-title elementor-size-default\">Pol\u00edtica de cookies<\/h1>\t\t\t\t<\/div>\n\t\t\t\t<\/div>\n\t\t\t\t<div class=\"elementor-element elementor-element-2b189e3c elementor-widget elementor-widget-text-editor\" data-id=\"2b189e3c\" data-element_type=\"widget\" data-widget_type=\"text-editor.default\">\n\t\t\t\t<div class=\"elementor-widget-container\">\n\t\t\t\t\t\t\t\t\t<div>\n<div class=\"full_width\">\n<div class=\"full_width_inner\">\n<div class=\"vc_row wpb_row section vc_row-fluid sep_row grid_section\">\n<div class=\" section_inner clearfix\">\n<div class=\"section_inner_margin clearfix\">\n<div class=\"element_from_fade element_from_fade_on\">\n<div>\n<div class=\"wpb_column vc_column_container vc_col-sm-12\">\n<div class=\"vc_column-inner\">\n<div class=\"wpb_wrapper\">\n<div class=\"wpb_text_column wpb_content_element mr20\">\n<div class=\"wpb_wrapper\">\n<p>Segons la Llei 34\/2002, de 11 de juliol, de Serveis de la Societat de la Informaci\u00f3 i Comer\u00e7 Electr\u00f2nic l\u2019informem que aquest lloc web utilitza cookies per millorar i optimitzar l\u2019experi\u00e8ncia de l\u2019usuari. A continuaci\u00f3 trobareu informaci\u00f3 detallada sobre qu\u00e8 s\u00f3n les \u201ccookies\u201d, quina tipologia utilitza aquest lloc web, com canviar la configuraci\u00f3 dels seus cookies, i qu\u00e8 passa si les desactives.<\/p>\n<p><strong>Qu\u00e8 s\u00f3n les cookies?<\/strong><br>Una cookie \u00e9s un fitxer que es descarrega al seu ordinador a l\u2019accedir a determinades p\u00e0gines web. Les cookies permeten a una p\u00e0gina web, entre altres coses, emmagatzemar i recuperar informaci\u00f3 sobre els h\u00e0bits de navegaci\u00f3 d\u2019un usuari o del seu equip i, depenent de la informaci\u00f3 que continguin i de la forma en qu\u00e8 utilitzi el seu equip, es poden utilitzar per recon\u00e8ixer a l\u2019usuari.<\/p>\n<p><strong>Quins tipus de cookies utilitza aquesta p\u00e0gina web?<\/strong><\/p>\n<p>Segons l\u2019entitat que les gestioni, les cookies poden ser:<br>\u2022 Cookies pr\u00f2pies: S\u00f3n aquelles que s\u2019envien a l\u2019equip terminal de l\u2019interessat des d\u2019un equip o domini gestionat pel propi editor i des del qual es presta el servei sol\u00b7licitat per l\u2019usuari.<br>\u2022 Cookies de tercers: S\u00f3n aquelles que s\u2019envien a l\u2019equip terminal de l\u2019usuari des d\u2019un equip o domini que no \u00e9s gestionat per l\u2019editor, sin\u00f3 per una altra entitat que tracta les dades obtingudes mitjan\u00e7ant les cookies.<br>El lloc web utilitza tant cookies pr\u00f2pies com de tercers.<\/p>\n<p>Segons el termini de temps que romanen activades:<\/p>\n<p>\u2022 Cookies de sessi\u00f3: S\u00f3n un tipus de cookies dissenyades per a demanar i emmagatzemar dades mentre l\u2019usuari accedeix a una p\u00e0gina web. Se solen emprar per emmagatzemar informaci\u00f3 que nom\u00e9s interessa conservar per a la prestaci\u00f3 de el servei sol\u00b7licitat per l\u2019usuari en una sola ocasi\u00f3 (p.ex. una llista de productes adquirits).<br>\u2022 Cookies persistents: S\u00f3n un tipus de cookies en el qual les dades segueixen emmagatzemats en el terminal i poden ser accedits i tractats durant un per\u00edode definit pel responsable de la cookie, i que pot anar d\u2019uns minuts a diversos anys.<br>El lloc web utilitza tant cookies persistents com a cookies de sessi\u00f3.<\/p>\n<p><strong> Per quines finalitats poden ser utilitzades les cookies del web?<\/strong><\/p>\n<p>\u2022 Cookies t\u00e8cniques: S\u00f3n aquelles que permeten a l\u2019usuari la navegaci\u00f3 a trav\u00e9s d\u2019una p\u00e0gina web, plataforma o aplicaci\u00f3 i la utilitzaci\u00f3 de les diferents opcions o serveis que en ella hi hagi com, per exemple, controlar el tr\u00e0nsit i la comunicaci\u00f3 de dades, identificar la sessi\u00f3, accedir a parts d\u2019acc\u00e9s restringit, recordar els elements que integren una comanda, realitzar el proc\u00e9s de compra d\u2019una comanda, realitzar la sol\u00b7licitud d\u2019inscripci\u00f3 o participaci\u00f3 en un esdeveniment, utilitzar elements de seguretat durant la navegaci\u00f3, emmagatzemar continguts per a la difusi\u00f3 de v\u00eddeos o so, o compartir continguts a trav\u00e9s de xarxes socials.<\/p>\n<p>\u2022 Cookies de personalitzaci\u00f3: S\u00f3n aquelles que permeten a l\u2019usuari accedir a el servei amb algunes caracter\u00edstiques de car\u00e0cter general predefinides en funci\u00f3 d\u2019una s\u00e8rie de criteris en el terminal de l\u2019usuari com ara serien l\u2019idioma, el tipus de navegador a trav\u00e9s del qual accedeix a l\u2019 servei, la configuraci\u00f3 regional des d\u2019on s\u2019accedeix a el servei, etc.<\/p>\n<p>\u2022 Cookies d\u2019an\u00e0lisi: S\u00f3n aquelles que permeten al responsable de les mateixes, el seguiment i an\u00e0lisi del comportament dels usuaris dels llocs web als que estan vinculades. La informaci\u00f3 recollida mitjan\u00e7ant aquest tipus de cookies s\u2019utilitza en el mesurament de l\u2019activitat dels llocs web, aplicaci\u00f3 o plataforma i per a l\u2019elaboraci\u00f3 de perfils de navegaci\u00f3 dels usuaris d\u2019aquests llocs, aplicacions i plataformes, per tal d\u2019introduir millores en funci\u00f3 de l\u2019an\u00e0lisi de les dades d\u2019\u00fas que fan els usuaris de el servei.<\/p>\n<p>\u2022 Cookies publicit\u00e0ries: S\u00f3n aquelles que permeten la gesti\u00f3, de la forma m\u00e9s efica\u00e7 possible, dels espais publicitaris que, si escau, l\u2019editor hagi incl\u00f2s en una p\u00e0gina web, aplicaci\u00f3 o plataforma des de la qual presta el servei sol\u00b7licitat basant-se criteris com el contingut editat o la freq\u00fc\u00e8ncia en qu\u00e8 es mostren els anuncis.<\/p>\n<p>\u2022 Cookies de publicitat comportamental: S\u00f3n aquelles que permeten la gesti\u00f3, de la forma m\u00e9s efica\u00e7 possible, dels espais publicitaris que, si escau, l\u2019editor hagi incl\u00f2s en una p\u00e0gina web, aplicaci\u00f3 o plataforma des de la qual presta el servei sol\u00b7licitat. Aquestes galetes emmagatzemen informaci\u00f3 del comportament dels usuaris obtinguda a trav\u00e9s de l\u2019observaci\u00f3 continuada dels seus h\u00e0bits de navegaci\u00f3, el que permet desenvolupar un perfil espec\u00edfic per a mostrar publicitat en funci\u00f3 de la mateixa<\/p>\n<p>\u2022 Analytics: Generen un ID d\u2019usuari an\u00f2nim, que \u00e9s el que s\u2019utilitza per fer recompte de quantes vegades visita el lloc un usuari. Tamb\u00e9 registra quan va ser la primera i l\u2019\u00faltima vegada que va visitar la web. Aix\u00ed mateix, calcula quan s\u2019ha acabat una sessi\u00f3, origen de l\u2019usuari, i keywords.<\/p>\n<p><strong> Qu\u00e8 passa si es desactiven les cookies?<\/strong><br>Algunes funcionalitats dels Serveis i \u00e0rees d\u2019aquest lloc web podrien no funcionar si es desactiven les cookies.<\/p>\n<p><strong> Actualitzem la nostra Pol\u00edtica de Cookies?<\/strong><br>\u00c9s possible que actualitzem la Pol\u00edtica de Cookies de la nostre p\u00e0gina web, per aix\u00f2 li recomanem revisar aquesta pol\u00edtica cada vegada que accedeixi al nostre lloc web amb l\u2019objectiu d\u2019estar adequadament informat sobre com i per qu\u00e8 fem servir les galetes.<\/p>\n<p><strong> Com per configurar els vostres cookies?<\/strong><br>Al navegar i continuar en el nostre lloc web estar\u00e0 consentint l\u2019\u00fas de les cookies a les condicions contingudes en la present Pol\u00edtica de Galetes. Vost\u00e8 com a usuari t\u00e9 la possibilitat d\u2019exercir el seu dret a bloquejar, eliminar i rebutjar l\u2019\u00fas de cookies, en tot moment, modificant les opcions del seu navegador. Per exemple:<br>\u2022 Microsoft Edge: Configuraci\u00f3n; Configuraci\u00f3n Avanzada; Cookies.<br>Consulta el <a href=\"https:\/\/support.microsoft.com\/hub\/4338813\/windows-help\">soporte de Microsoft<\/a> o la Ayuda del navegador.<br>\u2022 Mozilla Firefox: Herramientas&gt; Opciones&gt; Privacidad&gt; Historial&gt; Configuraci\u00f3n Personalizada.<br>Consulta el <a href=\"https:\/\/support.mozilla.org\/es\/\">soporte de Mozilla<\/a> o la Ayuda del navegador.<br>\u2022 Google Chrome: Configuraci\u00f3n&gt; Mostrar opciones avanzadas &gt; Privacidad&gt; Configuraci\u00f3n de contenido.<br>Consulta el <a href=\"https:\/\/support.google.com\/chrome\/?hl=es#topic=7438008\">soporte de Google<\/a> o la Ayuda del navegador.<br>\u2022 Safari (Apple): Preferencias&gt; Seguridad.<br>Consulta el <a href=\"https:\/\/support.google.com\/chrome\/?hl=es#topic=7438008\">soporte de Apple<\/a> o la Ayuda del navegador.<br>\u2022 Opera (Opera Software): Configuraci\u00f3n &gt; Opciones &gt; Avanzado &gt; Cookies<br>Consulta el <a href=\"https:\/\/help.opera.com\/en\/latest\/web-preferences\/#cookies\">soporte de Opera<\/a> o la Ayuda del navegador.<\/p>\n<p>Si utilitzeu un altre navegador, consulti la seva pol\u00edtica d\u2019instal\u00b7laci\u00f3, \u00fas i bloqueig de galetes. No obstant aix\u00f2, usant l\u2019eina www.youronlinechoices.com, podr\u00e0 trobar informaci\u00f3 \u00fatil i configurar, prove\u00efdor per prove\u00efdor, les seves prefer\u00e8ncies sobre les cookies.<\/p><\/div>\n<\/div>\n<div class=\"wpb_text_column wpb_content_element \">\n<div class=\"wpb_wrapper\">\n<\/div>\n<\/div>\n<\/div>\n<\/div>\n<\/div>\n<\/div>\n<\/div>\n<\/div>\n<\/div>\n<\/div>\n<\/div>\n<\/div><\/div>\t\t\t\t\t\t\t\t<\/div>\n\t\t\t\t<\/div>\n\t\t\t\t\t<\/div>\n\t\t<\/div>\n\t\t\t\t\t<\/div>\n\t\t<\/section>\n\t\t\t\t<\/div>\n\t\t","protected":false},"excerpt":{"rendered":"<p>Pol\u00edtica de cookies Segons la Llei 34\/2002, de 11 de juliol, de Serveis de la Societat de la Informaci\u00f3 i Comer\u00e7 Electr\u00f2nic l\u2019informem que aquest lloc web utilitza cookies per millorar i optimitzar l\u2019experi\u00e8ncia de l\u2019usuari. A continuaci\u00f3 trobareu informaci\u00f3 detallada sobre qu\u00e8 s\u00f3n les \u201ccookies\u201d, quina tipologia utilitza aquest lloc web, com canviar la [&hellip;]<\/p>\n","protected":false},"author":1,"featured_media":0,"parent":0,"menu_order":0,"comment_status":"closed","ping_status":"closed","template":"elementor_header_footer","meta":{"_acf_changed":false,"footnotes":""},"class_list":["post-759","page","type-page","status-publish","hentry"],"acf":[],"yoast_head":"<!-- This site is optimized with the Yoast SEO plugin v26.7 - https:\/\/yoast.com\/wordpress\/plugins\/seo\/ -->\n<title>Pol\u00edtica de cookies - Vila Import<\/title>\n<meta name=\"robots\" content=\"index, follow, max-snippet:-1, max-image-preview:large, max-video-preview:-1\" \/>\n<link rel=\"canonical\" href=\"https:\/\/www.vilaimport.com\/ca\/politica-de-cookies\/\" \/>\n<meta property=\"og:locale\" content=\"ca_ES\" \/>\n<meta property=\"og:type\" content=\"article\" \/>\n<meta property=\"og:title\" content=\"Pol\u00edtica de cookies - Vila Import\" \/>\n<meta property=\"og:description\" content=\"Pol\u00edtica de cookies Segons la Llei 34\/2002, de 11 de juliol, de Serveis de la Societat de la Informaci\u00f3 i Comer\u00e7 Electr\u00f2nic l\u2019informem que aquest lloc web utilitza cookies per millorar i optimitzar l\u2019experi\u00e8ncia de l\u2019usuari. A continuaci\u00f3 trobareu informaci\u00f3 detallada sobre qu\u00e8 s\u00f3n les \u201ccookies\u201d, quina tipologia utilitza aquest lloc web, com canviar la [&hellip;]\" \/>\n<meta property=\"og:url\" content=\"https:\/\/www.vilaimport.com\/ca\/politica-de-cookies\/\" \/>\n<meta property=\"og:site_name\" content=\"Vila Import\" \/>\n<meta property=\"article:modified_time\" content=\"2020-02-20T10:10:00+00:00\" \/>\n<meta name=\"twitter:card\" content=\"summary_large_image\" \/>\n<meta name=\"twitter:label1\" content=\"Temps estimat de lectura\" \/>\n\t<meta name=\"twitter:data1\" content=\"6 minuts\" \/>\n<script type=\"application\/ld+json\" class=\"yoast-schema-graph\">{\"@context\":\"https:\/\/schema.org\",\"@graph\":[{\"@type\":\"WebPage\",\"@id\":\"https:\/\/www.vilaimport.com\/ca\/politica-de-cookies\/\",\"url\":\"https:\/\/www.vilaimport.com\/ca\/politica-de-cookies\/\",\"name\":\"Pol\u00edtica de cookies - Vila Import\",\"isPartOf\":{\"@id\":\"https:\/\/www.vilaimport.com\/#website\"},\"datePublished\":\"2020-02-02T09:46:50+00:00\",\"dateModified\":\"2020-02-20T10:10:00+00:00\",\"breadcrumb\":{\"@id\":\"https:\/\/www.vilaimport.com\/ca\/politica-de-cookies\/#breadcrumb\"},\"inLanguage\":\"ca\",\"potentialAction\":[{\"@type\":\"ReadAction\",\"target\":[\"https:\/\/www.vilaimport.com\/ca\/politica-de-cookies\/\"]}]},{\"@type\":\"BreadcrumbList\",\"@id\":\"https:\/\/www.vilaimport.com\/ca\/politica-de-cookies\/#breadcrumb\",\"itemListElement\":[{\"@type\":\"ListItem\",\"position\":1,\"name\":\"Vila Import\",\"item\":\"https:\/\/www.vilaimport.com\/ca\/\"},{\"@type\":\"ListItem\",\"position\":2,\"name\":\"Pol\u00edtica de cookies\"}]},{\"@type\":\"WebSite\",\"@id\":\"https:\/\/www.vilaimport.com\/#website\",\"url\":\"https:\/\/www.vilaimport.com\/\",\"name\":\"Vila Import\",\"description\":\"\",\"potentialAction\":[{\"@type\":\"SearchAction\",\"target\":{\"@type\":\"EntryPoint\",\"urlTemplate\":\"https:\/\/www.vilaimport.com\/?s={search_term_string}\"},\"query-input\":{\"@type\":\"PropertyValueSpecification\",\"valueRequired\":true,\"valueName\":\"search_term_string\"}}],\"inLanguage\":\"ca\"}]}<\/script>\n<!-- \/ Yoast SEO plugin. -->","yoast_head_json":{"title":"Pol\u00edtica de cookies - Vila Import","robots":{"index":"index","follow":"follow","max-snippet":"max-snippet:-1","max-image-preview":"max-image-preview:large","max-video-preview":"max-video-preview:-1"},"canonical":"https:\/\/www.vilaimport.com\/ca\/politica-de-cookies\/","og_locale":"ca_ES","og_type":"article","og_title":"Pol\u00edtica de cookies - Vila Import","og_description":"Pol\u00edtica de cookies Segons la Llei 34\/2002, de 11 de juliol, de Serveis de la Societat de la Informaci\u00f3 i Comer\u00e7 Electr\u00f2nic l\u2019informem que aquest lloc web utilitza cookies per millorar i optimitzar l\u2019experi\u00e8ncia de l\u2019usuari. A continuaci\u00f3 trobareu informaci\u00f3 detallada sobre qu\u00e8 s\u00f3n les \u201ccookies\u201d, quina tipologia utilitza aquest lloc web, com canviar la [&hellip;]","og_url":"https:\/\/www.vilaimport.com\/ca\/politica-de-cookies\/","og_site_name":"Vila Import","article_modified_time":"2020-02-20T10:10:00+00:00","twitter_card":"summary_large_image","twitter_misc":{"Temps estimat de lectura":"6 minuts"},"schema":{"@context":"https:\/\/schema.org","@graph":[{"@type":"WebPage","@id":"https:\/\/www.vilaimport.com\/ca\/politica-de-cookies\/","url":"https:\/\/www.vilaimport.com\/ca\/politica-de-cookies\/","name":"Pol\u00edtica de cookies - Vila Import","isPartOf":{"@id":"https:\/\/www.vilaimport.com\/#website"},"datePublished":"2020-02-02T09:46:50+00:00","dateModified":"2020-02-20T10:10:00+00:00","breadcrumb":{"@id":"https:\/\/www.vilaimport.com\/ca\/politica-de-cookies\/#breadcrumb"},"inLanguage":"ca","potentialAction":[{"@type":"ReadAction","target":["https:\/\/www.vilaimport.com\/ca\/politica-de-cookies\/"]}]},{"@type":"BreadcrumbList","@id":"https:\/\/www.vilaimport.com\/ca\/politica-de-cookies\/#breadcrumb","itemListElement":[{"@type":"ListItem","position":1,"name":"Vila Import","item":"https:\/\/www.vilaimport.com\/ca\/"},{"@type":"ListItem","position":2,"name":"Pol\u00edtica de cookies"}]},{"@type":"WebSite","@id":"https:\/\/www.vilaimport.com\/#website","url":"https:\/\/www.vilaimport.com\/","name":"Vila Import","description":"","potentialAction":[{"@type":"SearchAction","target":{"@type":"EntryPoint","urlTemplate":"https:\/\/www.vilaimport.com\/?s={search_term_string}"},"query-input":{"@type":"PropertyValueSpecification","valueRequired":true,"valueName":"search_term_string"}}],"inLanguage":"ca"}]}},"_links":{"self":[{"href":"https:\/\/www.vilaimport.com\/ca\/wp-json\/wp\/v2\/pages\/759","targetHints":{"allow":["GET"]}}],"collection":[{"href":"https:\/\/www.vilaimport.com\/ca\/wp-json\/wp\/v2\/pages"}],"about":[{"href":"https:\/\/www.vilaimport.com\/ca\/wp-json\/wp\/v2\/types\/page"}],"author":[{"embeddable":true,"href":"https:\/\/www.vilaimport.com\/ca\/wp-json\/wp\/v2\/users\/1"}],"replies":[{"embeddable":true,"href":"https:\/\/www.vilaimport.com\/ca\/wp-json\/wp\/v2\/comments?post=759"}],"version-history":[{"count":2,"href":"https:\/\/www.vilaimport.com\/ca\/wp-json\/wp\/v2\/pages\/759\/revisions"}],"predecessor-version":[{"id":1701,"href":"https:\/\/www.vilaimport.com\/ca\/wp-json\/wp\/v2\/pages\/759\/revisions\/1701"}],"wp:attachment":[{"href":"https:\/\/www.vilaimport.com\/ca\/wp-json\/wp\/v2\/media?parent=759"}],"curies":[{"name":"wp","href":"https:\/\/api.w.org\/{rel}","templated":true}]}}