{"id":754,"date":"2020-02-02T10:44:12","date_gmt":"2020-02-02T09:44:12","guid":{"rendered":"https:\/\/www.vilaimport.com\/aviso-legal\/"},"modified":"2020-03-17T10:11:38","modified_gmt":"2020-03-17T09:11:38","slug":"avis-legal","status":"publish","type":"page","link":"https:\/\/www.vilaimport.com\/ca\/avis-legal\/","title":{"rendered":"Av\u00eds Legal"},"content":{"rendered":"\t\t<div data-elementor-type=\"wp-page\" data-elementor-id=\"754\" class=\"elementor elementor-754 elementor-667\">\n\t\t\t\t\t\t<section class=\"elementor-section elementor-top-section elementor-element elementor-element-5e29918e elementor-section-full_width elementor-section-height-default elementor-section-height-default\" data-id=\"5e29918e\" data-element_type=\"section\" data-settings=\"{&quot;jet_parallax_layout_list&quot;:[{&quot;jet_parallax_layout_image&quot;:{&quot;url&quot;:&quot;&quot;,&quot;id&quot;:&quot;&quot;,&quot;size&quot;:&quot;&quot;},&quot;_id&quot;:&quot;d59e52c&quot;,&quot;jet_parallax_layout_image_tablet&quot;:{&quot;url&quot;:&quot;&quot;,&quot;id&quot;:&quot;&quot;,&quot;size&quot;:&quot;&quot;},&quot;jet_parallax_layout_image_mobile&quot;:{&quot;url&quot;:&quot;&quot;,&quot;id&quot;:&quot;&quot;,&quot;size&quot;:&quot;&quot;},&quot;jet_parallax_layout_speed&quot;:{&quot;unit&quot;:&quot;%&quot;,&quot;size&quot;:50,&quot;sizes&quot;:[]},&quot;jet_parallax_layout_type&quot;:&quot;scroll&quot;,&quot;jet_parallax_layout_direction&quot;:&quot;1&quot;,&quot;jet_parallax_layout_fx_direction&quot;:null,&quot;jet_parallax_layout_z_index&quot;:&quot;&quot;,&quot;jet_parallax_layout_bg_x&quot;:50,&quot;jet_parallax_layout_bg_y&quot;:50,&quot;jet_parallax_layout_bg_size&quot;:&quot;auto&quot;,&quot;jet_parallax_layout_animation_prop&quot;:&quot;transform&quot;,&quot;jet_parallax_layout_on&quot;:[&quot;desktop&quot;,&quot;tablet&quot;],&quot;jet_parallax_layout_bg_x_tablet&quot;:&quot;&quot;,&quot;jet_parallax_layout_bg_x_mobile&quot;:&quot;&quot;,&quot;jet_parallax_layout_bg_y_tablet&quot;:&quot;&quot;,&quot;jet_parallax_layout_bg_y_mobile&quot;:&quot;&quot;,&quot;jet_parallax_layout_bg_size_tablet&quot;:&quot;&quot;,&quot;jet_parallax_layout_bg_size_mobile&quot;:&quot;&quot;}]}\">\n\t\t\t\t\t\t<div class=\"elementor-container elementor-column-gap-no\">\n\t\t\t\t\t<div class=\"elementor-column elementor-col-100 elementor-top-column elementor-element elementor-element-2c0830bc\" data-id=\"2c0830bc\" data-element_type=\"column\">\n\t\t\t<div class=\"elementor-widget-wrap elementor-element-populated\">\n\t\t\t\t\t\t<div class=\"elementor-element elementor-element-5f93cd0b breadcrumb_mb_off elementor-widget elementor-widget-shortcode\" data-id=\"5f93cd0b\" data-element_type=\"widget\" data-widget_type=\"shortcode.default\">\n\t\t\t\t<div class=\"elementor-widget-container\">\n\t\t\t\t\t\t\t<div class=\"elementor-shortcode\">\t\t<div data-elementor-type=\"section\" data-elementor-id=\"405\" class=\"elementor elementor-405\">\n\t\t\t\t\t\t<section class=\"elementor-section elementor-top-section elementor-element elementor-element-9718199 elementor-section-boxed elementor-section-height-default elementor-section-height-default\" data-id=\"9718199\" data-element_type=\"section\" data-settings=\"{&quot;jet_parallax_layout_list&quot;:[{&quot;jet_parallax_layout_image&quot;:{&quot;url&quot;:&quot;&quot;,&quot;id&quot;:&quot;&quot;,&quot;size&quot;:&quot;&quot;},&quot;_id&quot;:&quot;f1e3953&quot;,&quot;jet_parallax_layout_image_tablet&quot;:{&quot;url&quot;:&quot;&quot;,&quot;id&quot;:&quot;&quot;,&quot;size&quot;:&quot;&quot;},&quot;jet_parallax_layout_image_mobile&quot;:{&quot;url&quot;:&quot;&quot;,&quot;id&quot;:&quot;&quot;,&quot;size&quot;:&quot;&quot;},&quot;jet_parallax_layout_speed&quot;:{&quot;unit&quot;:&quot;%&quot;,&quot;size&quot;:50,&quot;sizes&quot;:[]},&quot;jet_parallax_layout_type&quot;:&quot;scroll&quot;,&quot;jet_parallax_layout_direction&quot;:&quot;1&quot;,&quot;jet_parallax_layout_fx_direction&quot;:null,&quot;jet_parallax_layout_z_index&quot;:&quot;&quot;,&quot;jet_parallax_layout_bg_x&quot;:50,&quot;jet_parallax_layout_bg_y&quot;:50,&quot;jet_parallax_layout_bg_size&quot;:&quot;auto&quot;,&quot;jet_parallax_layout_animation_prop&quot;:&quot;transform&quot;,&quot;jet_parallax_layout_on&quot;:[&quot;desktop&quot;,&quot;tablet&quot;],&quot;jet_parallax_layout_bg_x_tablet&quot;:&quot;&quot;,&quot;jet_parallax_layout_bg_x_mobile&quot;:&quot;&quot;,&quot;jet_parallax_layout_bg_y_tablet&quot;:&quot;&quot;,&quot;jet_parallax_layout_bg_y_mobile&quot;:&quot;&quot;,&quot;jet_parallax_layout_bg_size_tablet&quot;:&quot;&quot;,&quot;jet_parallax_layout_bg_size_mobile&quot;:&quot;&quot;}],&quot;background_background&quot;:&quot;classic&quot;}\">\n\t\t\t\t\t\t<div class=\"elementor-container elementor-column-gap-default\">\n\t\t\t\t\t<div class=\"elementor-column elementor-col-100 elementor-top-column elementor-element elementor-element-c700c34\" data-id=\"c700c34\" data-element_type=\"column\">\n\t\t\t<div class=\"elementor-widget-wrap elementor-element-populated\">\n\t\t\t\t\t\t<div class=\"elementor-element elementor-element-5f3230d elementor-align-left elementor-widget elementor-widget-raven-breadcrumbs\" data-id=\"5f3230d\" data-element_type=\"widget\" data-widget_type=\"raven-breadcrumbs.default\">\n\t\t\t\t<div class=\"elementor-widget-container\">\n\t\t\t\t\t<div class=\"raven-breadcrumbs raven-breadcrumbs-default\"><div class=\"breadcrumb\">\t\t\t\t<div class=\"breadcrumb-item active\" aria-current=\"page\"><span>Home<\/span><\/div>\n\n\t\t\t\t<\/div><\/div>\t\t\t\t<\/div>\n\t\t\t\t<\/div>\n\t\t\t\t\t<\/div>\n\t\t<\/div>\n\t\t\t\t\t<\/div>\n\t\t<\/section>\n\t\t\t\t<\/div>\n\t\t<\/div>\n\t\t\t\t\t\t<\/div>\n\t\t\t\t<\/div>\n\t\t\t\t\t<\/div>\n\t\t<\/div>\n\t\t\t\t\t<\/div>\n\t\t<\/section>\n\t\t\t\t<section class=\"elementor-section elementor-top-section elementor-element elementor-element-67ed8147 elementor-section-boxed elementor-section-height-default elementor-section-height-default\" data-id=\"67ed8147\" data-element_type=\"section\" data-settings=\"{&quot;jet_parallax_layout_list&quot;:[{&quot;jet_parallax_layout_image&quot;:{&quot;url&quot;:&quot;&quot;,&quot;id&quot;:&quot;&quot;,&quot;size&quot;:&quot;&quot;},&quot;_id&quot;:&quot;1bdd220&quot;,&quot;jet_parallax_layout_image_tablet&quot;:{&quot;url&quot;:&quot;&quot;,&quot;id&quot;:&quot;&quot;,&quot;size&quot;:&quot;&quot;},&quot;jet_parallax_layout_image_mobile&quot;:{&quot;url&quot;:&quot;&quot;,&quot;id&quot;:&quot;&quot;,&quot;size&quot;:&quot;&quot;},&quot;jet_parallax_layout_speed&quot;:{&quot;unit&quot;:&quot;%&quot;,&quot;size&quot;:50,&quot;sizes&quot;:[]},&quot;jet_parallax_layout_type&quot;:&quot;scroll&quot;,&quot;jet_parallax_layout_direction&quot;:&quot;1&quot;,&quot;jet_parallax_layout_fx_direction&quot;:null,&quot;jet_parallax_layout_z_index&quot;:&quot;&quot;,&quot;jet_parallax_layout_bg_x&quot;:50,&quot;jet_parallax_layout_bg_y&quot;:50,&quot;jet_parallax_layout_bg_size&quot;:&quot;auto&quot;,&quot;jet_parallax_layout_animation_prop&quot;:&quot;transform&quot;,&quot;jet_parallax_layout_on&quot;:[&quot;desktop&quot;,&quot;tablet&quot;],&quot;jet_parallax_layout_bg_x_tablet&quot;:&quot;&quot;,&quot;jet_parallax_layout_bg_x_mobile&quot;:&quot;&quot;,&quot;jet_parallax_layout_bg_y_tablet&quot;:&quot;&quot;,&quot;jet_parallax_layout_bg_y_mobile&quot;:&quot;&quot;,&quot;jet_parallax_layout_bg_size_tablet&quot;:&quot;&quot;,&quot;jet_parallax_layout_bg_size_mobile&quot;:&quot;&quot;}]}\">\n\t\t\t\t\t\t<div class=\"elementor-container elementor-column-gap-default\">\n\t\t\t\t\t<div class=\"elementor-column elementor-col-100 elementor-top-column elementor-element elementor-element-5437fda9\" data-id=\"5437fda9\" data-element_type=\"column\">\n\t\t\t<div class=\"elementor-widget-wrap elementor-element-populated\">\n\t\t\t\t\t\t<div class=\"elementor-element elementor-element-1ac5ee77 page_title elementor-widget elementor-widget-heading\" data-id=\"1ac5ee77\" data-element_type=\"widget\" data-widget_type=\"heading.default\">\n\t\t\t\t<div class=\"elementor-widget-container\">\n\t\t\t\t\t<h1 class=\"elementor-heading-title elementor-size-default\">Av\u00eds Legal<\/h1>\t\t\t\t<\/div>\n\t\t\t\t<\/div>\n\t\t\t\t<div class=\"elementor-element elementor-element-52258ec1 elementor-widget elementor-widget-text-editor\" data-id=\"52258ec1\" data-element_type=\"widget\" data-widget_type=\"text-editor.default\">\n\t\t\t\t<div class=\"elementor-widget-container\">\n\t\t\t\t\t\t\t\t\t<p>D&#8217;acord amb la Llei 34\/2002, d&#8217;11 de juliol, de serveis de la societat de la informaci\u00f3 i de comer\u00e7 electr\u00f2nic, indiquem les dades d&#8217;informaci\u00f3 general d&#8217;aquest lloc web:<\/p><ul><li style=\"list-style-type: none;\"><ul><li><strong>Titular:<\/strong> VILAIMPORT S.L.<\/li><li><strong>CIF:<\/strong> B62043690<\/li><li><strong>Adre\u00e7a:<\/strong> Joan Torruella i Urpina, 13 (08758 CERVELL\u00d3)<\/li><li><strong>Tel\u00e8fon:<\/strong> 936600640<\/li><li><strong>Correu electr\u00f2nic:<\/strong> <a href=\"mailto:vilaimport@vilaimport.com\">vilaimport@vilaimport.com<\/a><\/li><\/ul><\/li><\/ul><p>\u00a0<\/p><p>VILAIMPORT S.L. no es fa responsable dels continguts, ni de les dades que es puguin recollir, als enlla\u00e7os a tercers que apareixen a la seva web. La finalitat d&#8217;aquests \u00e9s la de permetre la recerca de la informaci\u00f3 de la forma m\u00e9s r\u00e0pida i efectiva possible i \u00e9s per aix\u00f2 que es faciliten, sense cap altra pretensi\u00f3 que l&#8217;estrictament informativa.<\/p><p>A continuaci\u00f3 apareixen els termes de l&#8217;acord legal que s\u2019estableixen entre l&#8217;usuari i VILAIMPORT S.L.. En accedir, navegar i\/o utilitzar aquest lloc web, l&#8217;usuari manifesta haver llegit, ent\u00e8s i estar d\u2019acord en aquests termes i complir totes les normes aplicables.<\/p><p>L&#8217;acc\u00e9s i \u00fas de la web t\u00e9 car\u00e0cter gratu\u00eft per als usuaris i no exigeix el seu registre previ.<\/p><p>La reproducci\u00f3, c\u00f2pia, \u00fas, distribuci\u00f3, comercialitzaci\u00f3, comunicaci\u00f3 p\u00fablica o qualsevol altra activitat que es pugui dur a terme amb la informaci\u00f3 continguda en aquesta p\u00e0gina web i que es realitzi sense l&#8217;autoritzaci\u00f3 pr\u00e8via de Pimec constitueix una infracci\u00f3 castigada per la legislaci\u00f3 vigent.<\/p><p>Els noms i logotips exposats en aquesta p\u00e0gina s\u00f3n marques comercials registrades.<\/p><p>VILAIMPORT S.L. no es fa responsable de la mala utilitzaci\u00f3 dels continguts d\u2019aquest web i es reserva el dret a actualitzar-los, eliminar-los, establir limitacions o restringir el seu acc\u00e9s en qualsevol moment, de manera temporal o permanent.<\/p><p>VILAIMPORT S.L. no es fa responsable dels continguts, ni de les dades que es puguin recollir, als enlla\u00e7os a tercers que apareixen a la seva web. La finalitat d&#8217;aquests \u00e9s la de permetre la recerca de la informaci\u00f3 de la forma m\u00e9s r\u00e0pida i efectiva possible i \u00e9s per aix\u00f2 que es faciliten, sense cap altra pretensi\u00f3 que l&#8217;estrictament informativa.<\/p><p><strong>POL\u00cdTICA DE PRIVACITAT<\/strong><\/p><p>De conformitat amb el que disposa l&#8217;article 5 de la LO 15\/1999, de 13 de desembre, de protecci\u00f3 de dades de car\u00e0cter personal, s&#8217;informa a les persones que emplenin les butlletes contingudes en aquest lloc web que les seves dades personals quedaran incorporades en un fitxer, comunicat al Registre General de Protecci\u00f3 de Dades, amb la finalitat de poder satisfer la vostra sol\u00b7licitud i fer-vos arribar la informaci\u00f3 sobre els nostres serveis per correu electr\u00f2nic o ordinari. El responsable d&#8217;aquests fitxers \u00e9s VILAIMPORT S.L., domiciliada a Joan Torruella i Urpina, 13 (08758 CERVELL\u00d3), davant la qual podeu exercir, en els termes establerts en l&#8217;esmentada normativa, els drets d&#8217;acc\u00e9s, rectificaci\u00f3, cancel\u00b7laci\u00f3 i oposici\u00f3 respecte de les dades incloses en els fitxers, adre\u00e7ant-vos a <a href=\"mailto:vilaimport@vilaimport.com\">vilaimport@vilaimport.com<\/a><\/p><p>Qualsevol modificaci\u00f3 de les vostres dades de car\u00e0cter personal haur\u00e0 de ser notificada per tal que el nostre fitxer estigui actualitzat i no contingui errors. Aix\u00ed mateix, acceptant aquest av\u00eds legal reconeixeu que la informaci\u00f3 i les dades personals recollides s\u00f3n exactes i certes.<\/p><p>VILAIMPORT S.L. us informa de que t\u00e9 implantades les mesures de seguretat t\u00e8cniques i organitzatives necess\u00e0ries per garantir la seguretat de les vostres dades de car\u00e0cter personal i evitar-ne l&#8217;alteraci\u00f3, p\u00e8rdua i tractament i\/o acc\u00e9s no autoritzat .<\/p>\t\t\t\t\t\t\t\t<\/div>\n\t\t\t\t<\/div>\n\t\t\t\t\t<\/div>\n\t\t<\/div>\n\t\t\t\t\t<\/div>\n\t\t<\/section>\n\t\t\t\t<\/div>\n\t\t","protected":false},"excerpt":{"rendered":"<p>Av\u00eds Legal D&#8217;acord amb la Llei 34\/2002, d&#8217;11 de juliol, de serveis de la societat de la informaci\u00f3 i de comer\u00e7 electr\u00f2nic, indiquem les dades d&#8217;informaci\u00f3 general d&#8217;aquest lloc web: Titular: VILAIMPORT S.L. CIF: B62043690 Adre\u00e7a: Joan Torruella i Urpina, 13 (08758 CERVELL\u00d3) Tel\u00e8fon: 936600640 Correu electr\u00f2nic: vilaimport@vilaimport.com \u00a0 VILAIMPORT S.L. no es fa responsable [&hellip;]<\/p>\n","protected":false},"author":1,"featured_media":0,"parent":0,"menu_order":0,"comment_status":"closed","ping_status":"closed","template":"elementor_header_footer","meta":{"_acf_changed":false,"footnotes":""},"class_list":["post-754","page","type-page","status-publish","hentry"],"acf":[],"yoast_head":"<!-- This site is optimized with the Yoast SEO plugin v26.7 - https:\/\/yoast.com\/wordpress\/plugins\/seo\/ -->\n<title>Av\u00eds Legal - Vila Import<\/title>\n<meta name=\"robots\" content=\"index, follow, max-snippet:-1, max-image-preview:large, max-video-preview:-1\" \/>\n<link rel=\"canonical\" href=\"https:\/\/www.vilaimport.com\/ca\/avis-legal\/\" \/>\n<meta property=\"og:locale\" content=\"ca_ES\" \/>\n<meta property=\"og:type\" content=\"article\" \/>\n<meta property=\"og:title\" content=\"Av\u00eds Legal - Vila Import\" \/>\n<meta property=\"og:description\" content=\"Av\u00eds Legal D&#8217;acord amb la Llei 34\/2002, d&#8217;11 de juliol, de serveis de la societat de la informaci\u00f3 i de comer\u00e7 electr\u00f2nic, indiquem les dades d&#8217;informaci\u00f3 general d&#8217;aquest lloc web: Titular: VILAIMPORT S.L. CIF: B62043690 Adre\u00e7a: Joan Torruella i Urpina, 13 (08758 CERVELL\u00d3) Tel\u00e8fon: 936600640 Correu electr\u00f2nic: vilaimport@vilaimport.com \u00a0 VILAIMPORT S.L. no es fa responsable [&hellip;]\" \/>\n<meta property=\"og:url\" content=\"https:\/\/www.vilaimport.com\/ca\/avis-legal\/\" \/>\n<meta property=\"og:site_name\" content=\"Vila Import\" \/>\n<meta property=\"article:modified_time\" content=\"2020-03-17T09:11:38+00:00\" \/>\n<meta name=\"twitter:card\" content=\"summary_large_image\" \/>\n<meta name=\"twitter:label1\" content=\"Temps estimat de lectura\" \/>\n\t<meta name=\"twitter:data1\" content=\"3 minuts\" \/>\n<script type=\"application\/ld+json\" class=\"yoast-schema-graph\">{\"@context\":\"https:\/\/schema.org\",\"@graph\":[{\"@type\":\"WebPage\",\"@id\":\"https:\/\/www.vilaimport.com\/ca\/avis-legal\/\",\"url\":\"https:\/\/www.vilaimport.com\/ca\/avis-legal\/\",\"name\":\"Av\u00eds Legal - Vila Import\",\"isPartOf\":{\"@id\":\"https:\/\/www.vilaimport.com\/#website\"},\"datePublished\":\"2020-02-02T09:44:12+00:00\",\"dateModified\":\"2020-03-17T09:11:38+00:00\",\"breadcrumb\":{\"@id\":\"https:\/\/www.vilaimport.com\/ca\/avis-legal\/#breadcrumb\"},\"inLanguage\":\"ca\",\"potentialAction\":[{\"@type\":\"ReadAction\",\"target\":[\"https:\/\/www.vilaimport.com\/ca\/avis-legal\/\"]}]},{\"@type\":\"BreadcrumbList\",\"@id\":\"https:\/\/www.vilaimport.com\/ca\/avis-legal\/#breadcrumb\",\"itemListElement\":[{\"@type\":\"ListItem\",\"position\":1,\"name\":\"Vila Import\",\"item\":\"https:\/\/www.vilaimport.com\/ca\/\"},{\"@type\":\"ListItem\",\"position\":2,\"name\":\"Av\u00eds Legal\"}]},{\"@type\":\"WebSite\",\"@id\":\"https:\/\/www.vilaimport.com\/#website\",\"url\":\"https:\/\/www.vilaimport.com\/\",\"name\":\"Vila Import\",\"description\":\"\",\"potentialAction\":[{\"@type\":\"SearchAction\",\"target\":{\"@type\":\"EntryPoint\",\"urlTemplate\":\"https:\/\/www.vilaimport.com\/?s={search_term_string}\"},\"query-input\":{\"@type\":\"PropertyValueSpecification\",\"valueRequired\":true,\"valueName\":\"search_term_string\"}}],\"inLanguage\":\"ca\"}]}<\/script>\n<!-- \/ Yoast SEO plugin. -->","yoast_head_json":{"title":"Av\u00eds Legal - Vila Import","robots":{"index":"index","follow":"follow","max-snippet":"max-snippet:-1","max-image-preview":"max-image-preview:large","max-video-preview":"max-video-preview:-1"},"canonical":"https:\/\/www.vilaimport.com\/ca\/avis-legal\/","og_locale":"ca_ES","og_type":"article","og_title":"Av\u00eds Legal - Vila Import","og_description":"Av\u00eds Legal D&#8217;acord amb la Llei 34\/2002, d&#8217;11 de juliol, de serveis de la societat de la informaci\u00f3 i de comer\u00e7 electr\u00f2nic, indiquem les dades d&#8217;informaci\u00f3 general d&#8217;aquest lloc web: Titular: VILAIMPORT S.L. CIF: B62043690 Adre\u00e7a: Joan Torruella i Urpina, 13 (08758 CERVELL\u00d3) Tel\u00e8fon: 936600640 Correu electr\u00f2nic: vilaimport@vilaimport.com \u00a0 VILAIMPORT S.L. no es fa responsable [&hellip;]","og_url":"https:\/\/www.vilaimport.com\/ca\/avis-legal\/","og_site_name":"Vila Import","article_modified_time":"2020-03-17T09:11:38+00:00","twitter_card":"summary_large_image","twitter_misc":{"Temps estimat de lectura":"3 minuts"},"schema":{"@context":"https:\/\/schema.org","@graph":[{"@type":"WebPage","@id":"https:\/\/www.vilaimport.com\/ca\/avis-legal\/","url":"https:\/\/www.vilaimport.com\/ca\/avis-legal\/","name":"Av\u00eds Legal - Vila Import","isPartOf":{"@id":"https:\/\/www.vilaimport.com\/#website"},"datePublished":"2020-02-02T09:44:12+00:00","dateModified":"2020-03-17T09:11:38+00:00","breadcrumb":{"@id":"https:\/\/www.vilaimport.com\/ca\/avis-legal\/#breadcrumb"},"inLanguage":"ca","potentialAction":[{"@type":"ReadAction","target":["https:\/\/www.vilaimport.com\/ca\/avis-legal\/"]}]},{"@type":"BreadcrumbList","@id":"https:\/\/www.vilaimport.com\/ca\/avis-legal\/#breadcrumb","itemListElement":[{"@type":"ListItem","position":1,"name":"Vila Import","item":"https:\/\/www.vilaimport.com\/ca\/"},{"@type":"ListItem","position":2,"name":"Av\u00eds Legal"}]},{"@type":"WebSite","@id":"https:\/\/www.vilaimport.com\/#website","url":"https:\/\/www.vilaimport.com\/","name":"Vila Import","description":"","potentialAction":[{"@type":"SearchAction","target":{"@type":"EntryPoint","urlTemplate":"https:\/\/www.vilaimport.com\/?s={search_term_string}"},"query-input":{"@type":"PropertyValueSpecification","valueRequired":true,"valueName":"search_term_string"}}],"inLanguage":"ca"}]}},"_links":{"self":[{"href":"https:\/\/www.vilaimport.com\/ca\/wp-json\/wp\/v2\/pages\/754","targetHints":{"allow":["GET"]}}],"collection":[{"href":"https:\/\/www.vilaimport.com\/ca\/wp-json\/wp\/v2\/pages"}],"about":[{"href":"https:\/\/www.vilaimport.com\/ca\/wp-json\/wp\/v2\/types\/page"}],"author":[{"embeddable":true,"href":"https:\/\/www.vilaimport.com\/ca\/wp-json\/wp\/v2\/users\/1"}],"replies":[{"embeddable":true,"href":"https:\/\/www.vilaimport.com\/ca\/wp-json\/wp\/v2\/comments?post=754"}],"version-history":[{"count":4,"href":"https:\/\/www.vilaimport.com\/ca\/wp-json\/wp\/v2\/pages\/754\/revisions"}],"predecessor-version":[{"id":2183,"href":"https:\/\/www.vilaimport.com\/ca\/wp-json\/wp\/v2\/pages\/754\/revisions\/2183"}],"wp:attachment":[{"href":"https:\/\/www.vilaimport.com\/ca\/wp-json\/wp\/v2\/media?parent=754"}],"curies":[{"name":"wp","href":"https:\/\/api.w.org\/{rel}","templated":true}]}}